{"id":3,"date":"2024-02-08T19:26:38","date_gmt":"2024-02-08T19:26:38","guid":{"rendered":"http:\/\/xtremenetworks.com.co\/?page_id=3"},"modified":"2024-02-15T18:46:37","modified_gmt":"2024-02-15T23:46:37","slug":"privacy-policy-2","status":"publish","type":"page","link":"https:\/\/xtremenetworks.com.co\/?page_id=3","title":{"rendered":"Pol\u00edticas de privacidad"},"content":{"rendered":"\n<p>Nuestra direcci\u00f3n web es: https:\/\/xtremenetworks.com.co.<\/p>\n\n\n\n<p>Comentarios<\/p>\n\n\n\n<p>Cuando los visitantes dejan comentarios en el sitio, recopilamos los datos que se muestran en el formulario de comentarios, as\u00ed como la direcci\u00f3n IP y la cadena del agente de usuario del navegador del visitante para ayudar en la detecci\u00f3n de spam.<\/p>\n\n\n\n<p>Se puede proporcionar una cadena anonimizada creada a partir de tu direcci\u00f3n de correo electr\u00f3nico (tambi\u00e9n llamada hash) al servicio Gravatar para verificar si lo est\u00e1s utilizando. La pol\u00edtica de privacidad del servicio Gravatar est\u00e1 disponible aqu\u00ed: https:\/\/automattic.com\/privacy\/. Despu\u00e9s de la aprobaci\u00f3n de tu comentario, tu imagen de perfil ser\u00e1 visible al p\u00fablico en el contexto de tu comentario.<\/p>\n\n\n\n<p>Multimedia<\/p>\n\n\n\n<p>Si subes im\u00e1genes al sitio web, debes evitar cargar im\u00e1genes con datos de ubicaci\u00f3n incrustados (EXIF GPS). Los visitantes del sitio web pueden descargar y extraer cualquier dato de ubicaci\u00f3n de las im\u00e1genes en el sitio web.<\/p>\n\n\n\n<p>Cookies<\/p>\n\n\n\n<p>Si dejas un comentario en nuestro sitio, puedes optar por guardar tu nombre, direcci\u00f3n de correo electr\u00f3nico y sitio web en cookies. Estas son para tu conveniencia para que no tengas que volver a completar tus detalles cuando dejes otro comentario. Estas cookies durar\u00e1n un a\u00f1o.<\/p>\n\n\n\n<p>Si visitas nuestra p\u00e1gina de inicio de sesi\u00f3n, estableceremos una cookie temporal para determinar si tu navegador acepta cookies. Esta cookie no contiene datos personales y se descarta cuando cierras tu navegador.<\/p>\n\n\n\n<p>Cuando inicias sesi\u00f3n, tambi\u00e9n estableceremos varias cookies para guardar tu informaci\u00f3n de inicio de sesi\u00f3n y tus opciones de visualizaci\u00f3n de pantalla. Las cookies de inicio de sesi\u00f3n duran dos d\u00edas y las cookies de opciones de pantalla duran un a\u00f1o. Si seleccionas &#8220;Recordarme&#8221;, tu inicio de sesi\u00f3n persistir\u00e1 durante dos semanas. Si cierras la sesi\u00f3n de tu cuenta, las cookies de inicio de sesi\u00f3n se eliminar\u00e1n.<\/p>\n\n\n\n<p>Si editas o publicas un art\u00edculo, se guardar\u00e1 una cookie adicional en tu navegador. Esta cookie no contiene datos personales y simplemente indica el ID del art\u00edculo que acabas de editar. Caduca despu\u00e9s de 1 d\u00eda.<\/p>\n\n\n\n<p>Contenido incrustado de otros sitios web<\/p>\n\n\n\n<p>Los art\u00edculos en este sitio pueden incluir contenido incrustado (por ejemplo, videos, im\u00e1genes, art\u00edculos, etc.). El contenido incrustado de otros sitios web se comporta de la misma manera que si el visitante hubiera visitado el otro sitio web.<\/p>\n\n\n\n<p>Estos sitios web pueden recopilar datos sobre ti, utilizar cookies, incrustar seguimiento adicional de terceros y supervisar tu interacci\u00f3n con ese contenido incrustado, incluido el seguimiento de tu interacci\u00f3n con el contenido incrustado si tienes una cuenta y est\u00e1s conectado a ese sitio web.<\/p>\n\n\n\n<p>Con qui\u00e9n compartimos tus datos<\/p>\n\n\n\n<p>Si solicitas un restablecimiento de contrase\u00f1a, tu direcci\u00f3n IP se incluir\u00e1 en el correo electr\u00f3nico de restablecimiento.<\/p>\n\n\n\n<p>Cu\u00e1nto tiempo retenemos tus datos<\/p>\n\n\n\n<p>Si dejas un comentario, el comentario y sus metadatos se retienen indefinidamente. Esto es para que podamos reconocer y aprobar autom\u00e1ticamente cualquier comentario de seguimiento en lugar de mantenerlos en una cola de moderaci\u00f3n.<\/p>\n\n\n\n<p>Para los usuarios que se registran en nuestro sitio web (si los hay), tambi\u00e9n almacenamos la informaci\u00f3n personal que proporcionan en su perfil de usuario. Todos los usuarios pueden ver, editar o eliminar su informaci\u00f3n personal en cualquier momento (excepto que no pueden cambiar su nombre de usuario). Los administradores del sitio web tambi\u00e9n pueden ver y editar esa informaci\u00f3n.<\/p>\n\n\n\n<p>Tus derechos sobre tus datos<\/p>\n\n\n\n<p>Si tienes una cuenta en este sitio o has dejado comentarios, puedes solicitar recibir un archivo exportado de los datos personales que tenemos sobre ti, incluida cualquier informaci\u00f3n que nos hayas proporcionado. Tambi\u00e9n puedes solicitar que borremos cualquier dato personal que tengamos sobre ti. Esto no incluye ning\u00fan dato que estemos obligados a conservar por cuestiones administrativas, legales o de seguridad.<\/p>\n\n\n\n<p>D\u00f3nde se env\u00edan tus datos<\/p>\n\n\n\n<p>Los comentarios de los visitantes pueden ser comprobados a trav\u00e9s de un servicio autom\u00e1tico de detecci\u00f3n de spam.<\/p>\n\n\n\n<div class=\"wp-block-stackable-heading stk-block-heading stk-block-heading--v2 stk-block stk-a7879e5\" id=\"strong-politicas-de-tratamiento-de-la-informacion-personal-de-los-usuarios-strong\" data-block-id=\"a7879e5\"><h2 class=\"stk-block-heading__text\"><strong>POL\u00cdTICAS DE TRATAMIENTO DE LA INFORMACI\u00d3N PERSONAL DE LOS USUARIOS<\/strong><\/h2><\/div>\n\n\n\n<p>AUTORIZACI\u00d3N PARA EL TRATAMIENTO DE DATOS PERSONALES. El titular de los datos personales autoriza a <a>C&amp;J TELECOMUNICACIONES S.A.S <\/a>para recolectar, almacenar, conservar, usar, suprimir, actualizar, compartir y circular a terceros, sus datos personales de orden demogr\u00e1fico, econ\u00f3mico, biom\u00e9tricos, de servicios, comercial, de contacto, y de localizaci\u00f3n; para obtenci\u00f3n y suministro de informaci\u00f3n relativa al cumplimiento de sus obligaciones y el c\u00e1lculo de riesgo econ\u00f3mico o crediticio (de manera irrevocable), para campa\u00f1as comerciales, publicitarias o de cobranza a trav\u00e9s de los siguientes medios: correo electr\u00f3nico, mensajes cortos, llamadas telef\u00f3nicas, mensajer\u00eda por aplicaciones o web, y dem\u00e1s que en el futuro implemente C&amp;J TELECOMUNICACIONES S.A.S como canales de contacto; para la publicaci\u00f3n de directorios telef\u00f3nicos, la prevenci\u00f3n y control de fraudes, y para beneficio propio o de terceros con los que C&amp;J TELECOMUNICACIONES S.A.S haya celebrado convenio para env\u00edo y recepci\u00f3n de cualquier tipo de informaci\u00f3n, con fines comerciales o publicitarios. La informaci\u00f3n para el c\u00e1lculo de riesgo crediticio podr\u00e1 ser consultada en cualquier operador de banco de datos, por las entidades financieras con las cuales Telef\u00f3nica celebre convenios comerciales en favor de los titulares. Los datos ser\u00e1n tratados de conformidad con las Pol\u00edticas para el Tratamiento de Datos Personales que se encuentran a disposici\u00f3n de los interesados y\/o titulares de los datos en la p\u00e1gina web www.movistar.co El titular de los datos tiene derecho de conocer, actualizar, rectificar, suprimir los datos, y revocar la autorizaci\u00f3n salvo las excepciones legales. Los datos biom\u00e9tricos son datos sensibles y el titular no est\u00e1 obligado a autorizar su tratamiento, estos ser\u00e1n usados para verificaci\u00f3n de identidad y suscripci\u00f3n de contratos.<\/p>\n\n\n\n<p>AUTORIZACI\u00d3N PARA CONSULTA Y REPORTE A CENTRALES DE RIESGOS DE DATOS SOBRE EL CLIENTE. El titular de los datos personales autoriza de manera irrevocable a la EMPRESA C&amp;J TELECOMUNICACIONES S.A.S, en adelante XTREME NETWORKS, o quien sea en un futuro acreedor, para que con ocasi\u00f3n de los productos, promociones, bienes y servicios, y en general cualquier tipo de obligaci\u00f3n contra\u00edda hasta la fecha o que se contraiga en adelante con XTREME NETWORKS, pueda llevar a cabo las siguientes actividades: a) Consultar, en cualquier tiempo, en las centrales de riesgo, toda la informaci\u00f3n relevante para conocer mi desempe\u00f1o como deudor, mi capacidad de pago o para valorar el riesgo futuro de suministrarme un bien o servicio y contraer cualquier obligaci\u00f3n para con XTREME NETWORKS o para con los terceros quienes tienen suscritos convenios con tal prop\u00f3sito; b) Reportar a las centrales de informaci\u00f3n de riesgo, que administren bases de datos, la informaci\u00f3n sobre el comportamiento de mis obligaciones, especialmente las de contenido patrimonial que adquiera para con XTREME NETWORKS o con terceros con quienes \u00e9sta ha celebrado convenios de tal naturaleza, as\u00ed como la informaci\u00f3n veraz, pertinente, completa, actualizada y exacta, de mi desempe\u00f1o como deudor, despu\u00e9s de haber cruzado y procesado diversos datos \u00fatiles para obtener una informaci\u00f3n significativa; c) Enviar la informaci\u00f3n mencionada a las centrales de riesgo de manera directa y tambi\u00e9n por intermedio de cualquiera de las Superintendencias que ejercen funciones de vigilancia y control, con el fin que estas puedan tratarla, analizarla, clasificarla y luego suministrarla a dichas centrales si fuera el caso; d) Conservar la informaci\u00f3n reportada, en la base de datos de la central de riesgo, con las debidas actualizaciones y durante el periodo necesario se\u00f1alado en sus reglamentos. Declaro haber le\u00eddo cuidadosamente el contenido de este documento y haberlo comprendido a cabalidad por la cual en se\u00f1al de entendimiento y aceptaci\u00f3n de sus alcances e implicaciones, lo suscribo.<\/p>\n\n\n\n<p>AUTORIZACI\u00d3N PARA CONSULTA Y REPORTE DE INFORMACI\u00d3N COMERCIAL SOBRE EL CLIENTE. El titular de los datos personales autoriza de manera irrevocable a la EMPRESA C&amp;J TELECOMUNICACIONES S.A.S, en adelante XTREME NETWORKS, o quien sea en un futuro acreedor, para que con ocasi\u00f3n de los productos, promociones, bienes y servicios, y en general cualquier tipo de obligaci\u00f3n contra\u00edda hasta la fecha o que se contraiga en adelante con XTREME NETWORKS, pueda utilizar mis datos personales para la elaboraci\u00f3n de base de datos con fines comerciales o publicitarios, distintos a los directamente relacionados con los fines para los que fueron entregados y compartidos con terceros con los cuales XTREME NETWORKS tenga establecidas alianzas comerciales o publicitarias. Declaro haber le\u00eddo cuidadosamente el contenido de este documento y haberlo comprendido a cabalidad por la cual, en se\u00f1al de entendimiento y aceptaci\u00f3n de sus alcances e implicaciones, lo suscribo.<\/p>\n","protected":false},"excerpt":{"rendered":"<p>Nuestra direcci\u00f3n web es: https:\/\/xtremenetworks.com.co. Comentarios Cuando los visitantes dejan comentarios en el sitio, recopilamos los datos que se muestran en el formulario de comentarios, as\u00ed como la direcci\u00f3n IP y la cadena del agente de usuario del navegador del visitante para ayudar en la detecci\u00f3n de spam. Se puede proporcionar una cadena anonimizada creada [&hellip;]<\/p>\n","protected":false},"author":1,"featured_media":0,"parent":0,"menu_order":0,"comment_status":"closed","ping_status":"open","template":"","meta":{"footnotes":""},"class_list":["post-3","page","type-page","status-publish","hentry"],"blocksy_meta":[],"_links":{"self":[{"href":"https:\/\/xtremenetworks.com.co\/index.php?rest_route=\/wp\/v2\/pages\/3","targetHints":{"allow":["GET"]}}],"collection":[{"href":"https:\/\/xtremenetworks.com.co\/index.php?rest_route=\/wp\/v2\/pages"}],"about":[{"href":"https:\/\/xtremenetworks.com.co\/index.php?rest_route=\/wp\/v2\/types\/page"}],"author":[{"embeddable":true,"href":"https:\/\/xtremenetworks.com.co\/index.php?rest_route=\/wp\/v2\/users\/1"}],"replies":[{"embeddable":true,"href":"https:\/\/xtremenetworks.com.co\/index.php?rest_route=%2Fwp%2Fv2%2Fcomments&post=3"}],"version-history":[{"count":2,"href":"https:\/\/xtremenetworks.com.co\/index.php?rest_route=\/wp\/v2\/pages\/3\/revisions"}],"predecessor-version":[{"id":920,"href":"https:\/\/xtremenetworks.com.co\/index.php?rest_route=\/wp\/v2\/pages\/3\/revisions\/920"}],"wp:attachment":[{"href":"https:\/\/xtremenetworks.com.co\/index.php?rest_route=%2Fwp%2Fv2%2Fmedia&parent=3"}],"curies":[{"name":"wp","href":"https:\/\/api.w.org\/{rel}","templated":true}]}}